{"id":56,"date":"2025-05-16T12:38:01","date_gmt":"2025-05-16T10:38:01","guid":{"rendered":"http:\/\/tufisioenclinicaconde.es\/?page_id=56"},"modified":"2025-06-03T13:31:27","modified_gmt":"2025-06-03T11:31:27","slug":"equipo","status":"publish","type":"page","link":"https:\/\/tufisioenclinicaconde.es\/en\/equipo\/","title":{"rendered":"TEAM"},"content":{"rendered":"[et_pb_section fb_built=\u00bb1&#8243; _builder_version=\u00bb4.27.4&#8243; _module_preset=\u00bbdefault\u00bb background_color=\u00bb#93cfc5&#8243; global_colors_info=\u00bb{}\u00bb][et_pb_row _builder_version=\u00bb4.27.4&#8243; _module_preset=\u00bbdefault\u00bb global_colors_info=\u00bb{}\u00bb][et_pb_column type=\u00bb4_4&#8243; _builder_version=\u00bb4.27.4&#8243; _module_preset=\u00bbdefault\u00bb global_colors_info=\u00bb{}\u00bb][et_pb_text _builder_version=\u00bb4.27.4&#8243; _module_preset=\u00bbdefault\u00bb header_font=\u00bbWork Sans|700|||||||\u00bb header_text_color=\u00bb#FFFFFF\u00bb header_font_size=\u00bb52px\u00bb header_font_size_tablet=\u00bb52px\u00bb header_font_size_phone=\u00bb29px\u00bb header_font_size_last_edited=\u00bbon|phone\u00bb global_colors_info=\u00bb{}\u00bb]<h1 class=\"et_pb_module_header et-fb-editable-element et-fb-editable-element__editing\" data-shortcode-id=\"0.0-1748860141188\" data-quickaccess-id=\"title\" contenteditable=\"true\" style=\"text-align: center;\">OUR PHYSIOTHERAPISTS IN GRANADA<\/h1>[\/et_pb_text][et_pb_button button_url=\u00bbhttps:\/\/www.doctoralia.es\/clinicas\/clinica-doctor-conde-2&#8243; button_text=\u00bbRESERVAR CITA\u00bb button_alignment=\u00bbcenter\u00bb _builder_version=\u00bb4.27.4&#8243; custom_button=\u00bbon\u00bb button_text_size=\u00bb14px\u00bb button_text_color=\u00bb#ffffff\u00bb button_bg_color=\u00bb#e45e29&#8243; button_border_width=\u00bb0px\u00bb button_border_radius=\u00bb5px\u00bb button_letter_spacing=\u00bb2px\u00bb button_font=\u00bbWork Sans|600||on|||||\u00bb button_use_icon=\u00bboff\u00bb custom_padding=\u00bb15px|30px|15px|30px|true|true\u00bb locked=\u00bboff\u00bb global_colors_info=\u00bb{}\u00bb button_bg_color__hover_enabled=\u00bbon|hover\u00bb button_bg_color__hover=\u00bb\u00bb button_bg_enable_color__hover=\u00bboff\u00bb][\/et_pb_button][\/et_pb_column][\/et_pb_row][\/et_pb_section][et_pb_section fb_built=\u00bb1&#8243; _builder_version=\u00bb4.27.4&#8243; _module_preset=\u00bbdefault\u00bb global_colors_info=\u00bb{}\u00bb][et_pb_row column_structure=\u00bb1_2,1_2&#8243; _builder_version=\u00bb4.27.4&#8243; _module_preset=\u00bbdefault\u00bb global_colors_info=\u00bb{}\u00bb][et_pb_column type=\u00bb1_2&#8243; _builder_version=\u00bb4.27.4&#8243; _module_preset=\u00bbdefault\u00bb global_colors_info=\u00bb{}\u00bb][et_pb_image src=\u00bbhttps:\/\/tufisioenclinicaconde.es\/wp-content\/uploads\/2025\/05\/EQUIPO-scaled.jpg\u00bb title_text=\u00bbEQUIPO\u00bb _builder_version=\u00bb4.27.4&#8243; _module_preset=\u00bbdefault\u00bb transform_scale=\u00bb96%|96%\u00bb width=\u00bb86%\u00bb custom_padding=\u00bb0px|||||\u00bb border_radii=\u00bboff|20px|296px|20px|20px\u00bb global_colors_info=\u00bb{}\u00bb][\/et_pb_image][\/et_pb_column][et_pb_column type=\u00bb1_2&#8243; _builder_version=\u00bb4.27.4&#8243; _module_preset=\u00bbdefault\u00bb global_colors_info=\u00bb{}\u00bb][et_pb_text _builder_version=\u00bb4.27.4&#8243; _module_preset=\u00bbdefault\u00bb header_2_font=\u00bbWork Sans|700|||||||\u00bb global_colors_info=\u00bb{}\u00bb]<h2>Our Team<\/h2>[\/et_pb_text][et_pb_text _builder_version=\u00bb4.27.4&#8243; _module_preset=\u00bbdefault\u00bb header_3_font=\u00bbWork Sans||||||||\u00bb header_3_text_color=\u00bb#666666&#8243; header_3_font_size=\u00bb18px\u00bb header_3_line_height=\u00bb1.7em\u00bb global_colors_info=\u00bb{}\u00bb]<h3 data-start=\"177\" data-end=\"483\" style=\"text-align: justify;\">Behind every project there are committed people, passionate professionals and a team that works with enthusiasm and dedication.<br data-start=\"311\" data-end=\"314\" \/>In this picture you see us together, because that's how we work: as a team. We believe that collaboration, trust and mutual respect are the basis of everything we do.<\/h3>\n<h3 data-start=\"485\" data-end=\"630\" style=\"text-align: justify;\">Below, we introduce you to each of us so that you can put names and faces to the people who will be with you every step of the way.<\/h3>[\/et_pb_text][\/et_pb_column][\/et_pb_row][\/et_pb_section][et_pb_section fb_built=\u00bb1&#8243; _builder_version=\u00bb4.27.4&#8243; _module_preset=\u00bbdefault\u00bb global_colors_info=\u00bb{}\u00bb][et_pb_row column_structure=\u00bb1_3,1_3,1_3&#8243; _builder_version=\u00bb4.27.4&#8243; _module_preset=\u00bbdefault\u00bb width=\u00bb90%\u00bb max_width=\u00bb1325px\u00bb max_width_tablet=\u00bb1325px\u00bb max_width_phone=\u00bb80%\u00bb max_width_last_edited=\u00bbon|phone\u00bb global_colors_info=\u00bb{}\u00bb][et_pb_column type=\u00bb1_3&#8243; _builder_version=\u00bb4.27.4&#8243; _module_preset=\u00bbdefault\u00bb global_colors_info=\u00bb{}\u00bb][et_pb_image src=\u00bbhttps:\/\/tufisioenclinicaconde.es\/wp-content\/uploads\/2025\/05\/Paula.png\u00bb title_text=\u00bbPaula\u00bb align=\u00bbcenter\u00bb _builder_version=\u00bb4.27.4&#8243; _module_preset=\u00bbdefault\u00bb width=\u00bb70%\u00bb global_colors_info=\u00bb{}\u00bb][\/et_pb_image][et_pb_text _builder_version=\u00bb4.27.4&#8243; _module_preset=\u00bbdefault\u00bb header_2_font=\u00bbWork Sans|700|||||||\u00bb header_2_font_size=\u00bb22px\u00bb global_colors_info=\u00bb{}\u00bb]<h2 style=\"text-align: center;\">PAULA ZURITA SANTISTEBAN<\/h2>[\/et_pb_text][et_pb_toggle title=\u00bbPerfil Profesional\u00bb _builder_version=\u00bb4.27.4&#8243; _module_preset=\u00bbdefault\u00bb global_colors_info=\u00bb{}\u00bb]<p><strong>EDUCATION:\u00a0<\/strong><\/p>\n<ul>\n<li style=\"font-weight: 400;\" aria-level=\"1\"><span style=\"font-weight: 400;\">Diploma in Physiotherapy from the University of Ja\u00e9n.<\/span><\/li>\n<li style=\"font-weight: 400;\" aria-level=\"1\"><span style=\"font-weight: 400;\">Master's degree in neuromusculoskeletal physiotherapy<\/span><\/li>\n<li style=\"font-weight: 400;\" aria-level=\"1\"><span style=\"font-weight: 400;\">Postgraduate course in ultrasound and advanced invasive physiotherapy<\/span><\/li>\n<li style=\"font-weight: 400;\" aria-level=\"1\"><span style=\"font-weight: 400;\">Specialisation in physiotherapy for musicians<\/span><\/li>\n<li style=\"font-weight: 400;\" aria-level=\"1\"><span style=\"font-weight: 400;\">Functional rehabilitation<\/span><\/li>\n<li style=\"font-weight: 400;\" aria-level=\"1\"><span style=\"font-weight: 400;\">Neuroelectroestimulaci\u00f3n segmentaria<\/span><\/li>\n<\/ul>\n<p><strong>SPECIALITIES:\u00a0<\/strong><\/p>\n<ul>\n<li style=\"font-weight: 400;\" aria-level=\"1\"><span style=\"font-weight: 400;\">Trauma physiotherapy (pre- and post-operative)<\/span><\/li>\n<li style=\"font-weight: 400;\" aria-level=\"1\"><span style=\"font-weight: 400;\">Manual therapy<\/span><\/li>\n<li style=\"font-weight: 400;\" aria-level=\"1\"><span style=\"font-weight: 400;\">Invasive Physiotherapy (neuromodulation and EPI)<\/span><\/li>\n<li style=\"font-weight: 400;\" aria-level=\"1\"><span style=\"font-weight: 400;\">Ultrasound<\/span><\/li>\n<li style=\"font-weight: 400;\" aria-level=\"1\"><span style=\"font-weight: 400;\">Readaptation (therapeutic exercise)<\/span><\/li>\n<li style=\"font-weight: 400;\" aria-level=\"1\"><span style=\"font-weight: 400;\">Physiotherapy for musicians<\/span><\/li>\n<li style=\"font-weight: 400;\" aria-level=\"1\"><span style=\"font-weight: 400;\">Sports physiotherapy<\/span><span style=\"font-weight: 400;\"><\/span><\/li>\n<\/ul>\n<p><span style=\"font-weight: 400;\">Within the profession, the specialities I enjoy the most are traumatology and sports. I am also interested in the artistic field and have specialised in instrumentalists.<\/span><\/p>\n<p><span style=\"font-weight: 400;\">I like to work with the patient from scratch, helping them in their pain process with different tools and in pain prevention mainly with therapeutic exercise.<\/span><\/p>[\/et_pb_toggle][\/et_pb_column][et_pb_column type=\u00bb1_3&#8243; _builder_version=\u00bb4.27.4&#8243; _module_preset=\u00bbdefault\u00bb global_colors_info=\u00bb{}\u00bb][et_pb_image src=\u00bbhttps:\/\/tufisioenclinicaconde.es\/wp-content\/uploads\/2025\/05\/Sandra.png\u00bb title_text=\u00bbSandra\u00bb align=\u00bbcenter\u00bb _builder_version=\u00bb4.27.4&#8243; _module_preset=\u00bbdefault\u00bb width=\u00bb70%\u00bb global_colors_info=\u00bb{}\u00bb][\/et_pb_image][et_pb_text _builder_version=\u00bb4.27.4&#8243; _module_preset=\u00bbdefault\u00bb header_2_font=\u00bbWork Sans|700|||||||\u00bb header_2_font_size=\u00bb22px\u00bb global_colors_info=\u00bb{}\u00bb]<h2 style=\"text-align: center;\">SANDRA SILLERO TORRES<\/h2>[\/et_pb_text][et_pb_toggle title=\u00bbPerfil Profesional\u00bb _builder_version=\u00bb4.27.4&#8243; _module_preset=\u00bbdefault\u00bb hover_enabled=\u00bb0&#8243; global_colors_info=\u00bb{}\u00bb sticky_enabled=\u00bb0&#8243;]<p><strong>EDUCATION:<\/strong><\/p>\n<ul>\n<li><span style=\"font-weight: 400;\">Diploma in Physiotherapy from the University of Murcia (class of 2004).<\/span><\/li>\n<li><span style=\"font-weight: 400;\">Expert in Urogynaecological and Obstetric Physiotherapy.<\/span><\/li>\n<li><span style=\"font-weight: 400;\">Expert in Physiosexology.<\/span><\/li>\n<\/ul>\n<p><strong>OTHER FORMATIONS:<\/strong><\/p>\n<ul>\n<li><span style=\"font-weight: 400;\">Ultrasonography of the locomotor system.<\/span><\/li>\n<li><span style=\"font-weight: 400;\">Dry needling and electro-puncture.<\/span><\/li>\n<li><span style=\"font-weight: 400;\">Therapeutic Exercise.<\/span><\/li>\n<li><span style=\"font-weight: 400;\">Pilates Floor.<\/span><\/li>\n<\/ul>\n<p><b>PROFESSIONAL EXPERIENCE:<\/b><\/p>\n<p><span style=\"font-weight: 400;\">21 years of service:<\/span><\/p>\n<ul>\n<li><span style=\"font-weight: 400;\">Physiotherapy of the locomotor system.<\/span><\/li>\n<li><span style=\"font-weight: 400;\">Sports physiotherapy (sports clubs, gyms).<\/span><\/li>\n<li><span style=\"font-weight: 400;\">Post-operative, hip and knee prostheses, etc.<\/span><\/li>\n<li><span style=\"font-weight: 400;\">Paediatrics (infantile cerebral palsy, duchene, autistic spectrum and other syndromes).<\/span><\/li>\n<li><span style=\"font-weight: 400;\">Geriatric care (at home and in nursing homes).<br \/><\/span><\/li>\n<li><span style=\"font-weight: 400;\">\u00a0Recovery and maintenance after periods of hospitalisation and immobility.<br \/><\/span><\/li>\n<li>Stroke and other neurological conditions (Parkinson's, ALS).<\/li>\n<\/ul>\n<p><b>PROFESSIONAL PROFILE:<\/b><\/p>\n<p><span style=\"font-weight: 400;\">Physiotherapy is my life, there are jobs that must be vocational, and I can't imagine a profession that fits me better than this one.<\/span><\/p>\n<p><span style=\"font-weight: 400;\">Empathetic, approachable, good communicator, in continuous training and updating to always offer the best resources and tools for your recovery.<\/span><\/p>[\/et_pb_toggle][\/et_pb_column][et_pb_column type=\u00bb1_3&#8243; _builder_version=\u00bb4.27.4&#8243; _module_preset=\u00bbdefault\u00bb global_colors_info=\u00bb{}\u00bb][et_pb_image src=\u00bbhttps:\/\/tufisioenclinicaconde.es\/wp-content\/uploads\/2025\/05\/Antonio-Jesus.png\u00bb title_text=\u00bbAntonio Jes\u00fas\u00bb align=\u00bbcenter\u00bb _builder_version=\u00bb4.27.4&#8243; _module_preset=\u00bbdefault\u00bb width=\u00bb70%\u00bb global_colors_info=\u00bb{}\u00bb][\/et_pb_image][et_pb_text _builder_version=\u00bb4.27.4&#8243; _module_preset=\u00bbdefault\u00bb header_2_font=\u00bbWork Sans|700|||||||\u00bb header_2_font_size=\u00bb22px\u00bb global_colors_info=\u00bb{}\u00bb]<h2 style=\"text-align: center;\"><strong>ANTONIO JES\u00daS CARMONA NAVAS<\/strong><\/h2>[\/et_pb_text][et_pb_toggle title=\u00bbPerfil Profesional\u00bb _builder_version=\u00bb4.27.4&#8243; _module_preset=\u00bbdefault\u00bb hover_enabled=\u00bb0&#8243; global_colors_info=\u00bb{}\u00bb sticky_enabled=\u00bb0&#8243;]<p><strong>EDUCATION<\/strong><\/p>\n<ul>\n<li style=\"font-weight: 400;\" aria-level=\"1\"><span style=\"font-weight: 400;\">Graduate in physiotherapy from the University of Granada.\u00a0<\/span><\/li>\n<li style=\"font-weight: 400;\" aria-level=\"1\"><span style=\"font-weight: 400;\">Master's degree in neuromusculoskeletal and invasive physiotherapy from the University of Ja\u00e9n.<\/span><\/li>\n<li style=\"font-weight: 400;\" aria-level=\"1\"><span style=\"font-weight: 400;\">Expert in physical and sports rehabilitation<\/span><\/li>\n<\/ul>\n<p><strong>PROFESSIONAL EXPERIENCE<\/strong><\/p>\n<p><span style=\"font-weight: 400;\">My professional career has developed mainly in 3 areas, geriatric physiotherapy (examples of elderly pathologies can be added), sports physiotherapy and chronic pain management.<\/span><\/p>\n<p><strong>PROFESSIONAL PROFILE:<\/strong><\/p>\n<p><span style=\"font-weight: 400;\">For me, physiotherapy is a discipline that promotes movement as the basis for improving people's quality of life. It is a teamwork between the professional and the patient where both actively collaborate in the process of recovery and wellbeing.\u00a0<\/span><\/p>\n<p><span style=\"font-weight: 400;\">For me, physiotherapy is a discipline that promotes movement as the basis for improving people's quality of life. It is a teamwork between the professional and the patient where both actively collaborate in the process of recovery and wellbeing.<\/span><\/p>[\/et_pb_toggle][\/et_pb_column][\/et_pb_row][\/et_pb_section][et_pb_section fb_built=\u00bb1&#8243; _builder_version=\u00bb4.27.4&#8243; _module_preset=\u00bbdefault\u00bb background_color=\u00bb#0f1d2b\u00bb global_module=\u00bb151&#8243; saved_tabs=\u00bball\u00bb locked=\u00bboff\u00bb global_colors_info=\u00bb{}\u00bb][et_pb_row column_structure=\u00bb1_3,1_3,1_3&#8243; _builder_version=\u00bb4.27.4&#8243; _module_preset=\u00bbdefault\u00bb global_colors_info=\u00bb{}\u00bb][et_pb_column type=\u00bb1_3&#8243; _builder_version=\u00bb4.27.4&#8243; _module_preset=\u00bbdefault\u00bb global_colors_info=\u00bb{}\u00bb][et_pb_image src=\u00bbhttps:\/\/tufisioenclinicaconde.es\/wp-content\/uploads\/2025\/05\/1-2.png\u00bb title_text=\u00bb1 (2)\u00bb _builder_version=\u00bb4.27.4&#8243; _module_preset=\u00bbdefault\u00bb width=\u00bb72%\u00bb custom_margin=\u00bb-11px||||false|false\u00bb global_colors_info=\u00bb{}\u00bb][\/et_pb_image][et_pb_text _builder_version=\u00bb4.27.4&#8243; _module_preset=\u00bbdefault\u00bb text_font=\u00bbWork Sans||||||||\u00bb text_text_color=\u00bb#FFFFFF\u00bb global_colors_info=\u00bb{}\u00bb]<p style=\"text-align: justify;\">Tu Fisio en Cl\u00ednica Conde - We take care of you with personalised physiotherapy in Granada. Recover your wellbeing with us.<\/p>[\/et_pb_text][\/et_pb_column][et_pb_column type=\u00bb1_3&#8243; _builder_version=\u00bb4.27.4&#8243; _module_preset=\u00bbdefault\u00bb global_colors_info=\u00bb{}\u00bb][et_pb_text _builder_version=\u00bb4.27.4&#8243; _module_preset=\u00bbdefault\u00bb header_2_font=\u00bbWork Sans|700|||||||\u00bb header_2_text_color=\u00bb#93cfc5&#8243; global_colors_info=\u00bb{}\u00bb]<h2 style=\"text-align: left;\">Information<\/h2>[\/et_pb_text][et_pb_text _builder_version=\u00bb4.27.4&#8243; _module_preset=\u00bbdefault\u00bb header_text_color=\u00bb#FFFFFF\u00bb global_colors_info=\u00bb{}\u00bb]<p style=\"text-align: left;\"><a href=\"https:\/\/tufisioenclinicaconde.es\/en\/\">Home<\/a><\/p>\n<p style=\"text-align: left;\"><a href=\"https:\/\/tufisioenclinicaconde.es\/en\/servicios\/\">Services<\/a><\/p>\n<p style=\"text-align: left;\"><a href=\"https:\/\/tufisioenclinicaconde.es\/en\/equipo\/\">Team<\/a><\/p>\n<p style=\"text-align: left;\"><a href=\"https:\/\/tufisioenclinicaconde.es\/en\/contacto\/\">Contact<\/a><\/p>[\/et_pb_text][\/et_pb_column][et_pb_column type=\u00bb1_3&#8243; _builder_version=\u00bb4.27.4&#8243; _module_preset=\u00bbdefault\u00bb global_colors_info=\u00bb{}\u00bb][et_pb_text _builder_version=\u00bb4.27.4&#8243; _module_preset=\u00bbdefault\u00bb header_2_font=\u00bbWork Sans|700|||||||\u00bb header_2_text_color=\u00bb#93cfc5&#8243; global_colors_info=\u00bb{}\u00bb]<h2 style=\"text-align: left;\">Contact<\/h2>[\/et_pb_text][et_pb_text _builder_version=\u00bb4.27.4&#8243; _module_preset=\u00bbdefault\u00bb text_font=\u00bbWork Sans||||||||\u00bb text_text_color=\u00bb#FFFFFF\u00bb global_colors_info=\u00bb{}\u00bb]<p>619 81 96 18<br \/><span>958 20 26 45<\/span><\/p>\n<p>info@clinicadoctorconde.es<\/p>[\/et_pb_text][et_pb_social_media_follow _builder_version=\u00bb4.27.4&#8243; _module_preset=\u00bbdefault\u00bb global_colors_info=\u00bb{}\u00bb][et_pb_social_media_follow_network social_network=\u00bbfacebook\u00bb url=\u00bbhttps:\/\/www.facebook.com\/profile.php?id=100063663486288&#8243; icon_color=\u00bb#FFFFFF\u00bb _builder_version=\u00bb4.27.4&#8243; _module_preset=\u00bbdefault\u00bb background_color=\u00bb#93cfc5&#8243; background_enable_color=\u00bbon\u00bb global_colors_info=\u00bb{}\u00bb follow_button=\u00bboff\u00bb url_new_window=\u00bbon\u00bb]facebook[\/et_pb_social_media_follow_network][et_pb_social_media_follow_network social_network=\u00bbinstagram\u00bb url=\u00bbhttps:\/\/www.instagram.com\/clinicadoctorconde\/?hl=es\u00bb _builder_version=\u00bb4.27.4&#8243; _module_preset=\u00bbdefault\u00bb background_color=\u00bb#93cfc5&#8243; background_enable_color=\u00bbon\u00bb global_colors_info=\u00bb{}\u00bb follow_button=\u00bboff\u00bb url_new_window=\u00bbon\u00bb]instagram[\/et_pb_social_media_follow_network][\/et_pb_social_media_follow][\/et_pb_column][\/et_pb_row][\/et_pb_section]","protected":false},"excerpt":{"rendered":"<p>NUESTROS FISIOTERAPEUTAS EN GRANADANuestro EquipoDetr\u00e1s de cada proyecto hay personas comprometidas, profesionales apasionados y un equipo humano que trabaja con ilusi\u00f3n y dedicaci\u00f3n.En esta imagen nos ves juntos, porque as\u00ed es como trabajamos: en equipo. Creemos que la colaboraci\u00f3n, la confianza y el respeto mutuo son la base de todo lo que hacemos. A continuaci\u00f3n, [&hellip;]<\/p>","protected":false},"author":1,"featured_media":0,"parent":0,"menu_order":0,"comment_status":"closed","ping_status":"closed","template":"","meta":{"_et_pb_use_builder":"on","_et_pb_old_content":"","_et_gb_content_width":"","footnotes":""},"class_list":["post-56","page","type-page","status-publish","hentry"],"yoast_head":"<!-- This site is optimized with the Yoast SEO plugin v26.8 - https:\/\/yoast.com\/product\/yoast-seo-wordpress\/ -->\n<title>Nuestro Equipo | Fisioterapeutas en Granada \u2013 Cl\u00ednica Conde<\/title>\n<meta name=\"description\" content=\"Conoce a nuestro equipo de fisioterapeutas en Granada. Profesionales con formaci\u00f3n continua y experiencia cl\u00ednica comprometidos con tu salud.\" \/>\n<meta name=\"robots\" content=\"index, follow, max-snippet:-1, max-image-preview:large, max-video-preview:-1\" \/>\n<link rel=\"canonical\" href=\"https:\/\/tufisioenclinicaconde.es\/en\/equipo\/\" \/>\n<meta property=\"og:locale\" content=\"en_GB\" \/>\n<meta property=\"og:type\" content=\"article\" \/>\n<meta property=\"og:title\" content=\"Nuestro Equipo | Fisioterapeutas en Granada \u2013 Cl\u00ednica Conde\" \/>\n<meta property=\"og:description\" content=\"Conoce a nuestro equipo de fisioterapeutas en Granada. Profesionales con formaci\u00f3n continua y experiencia cl\u00ednica comprometidos con tu salud.\" \/>\n<meta property=\"og:url\" content=\"https:\/\/tufisioenclinicaconde.es\/en\/equipo\/\" \/>\n<meta property=\"og:site_name\" content=\"Tu Fisio en Cl\u00ednica Conde\" \/>\n<meta property=\"article:modified_time\" content=\"2025-06-03T11:31:27+00:00\" \/>\n<meta name=\"twitter:card\" content=\"summary_large_image\" \/>\n<meta name=\"twitter:label1\" content=\"Estimated reading time\" \/>\n\t<meta name=\"twitter:data1\" content=\"4 minutes\" \/>\n<script type=\"application\/ld+json\" class=\"yoast-schema-graph\">{\"@context\":\"https:\/\/schema.org\",\"@graph\":[{\"@type\":\"WebPage\",\"@id\":\"https:\/\/tufisioenclinicaconde.es\/equipo\/\",\"url\":\"https:\/\/tufisioenclinicaconde.es\/equipo\/\",\"name\":\"Nuestro Equipo | Fisioterapeutas en Granada \u2013 Cl\u00ednica Conde\",\"isPartOf\":{\"@id\":\"https:\/\/tufisioenclinicaconde.es\/#website\"},\"datePublished\":\"2025-05-16T10:38:01+00:00\",\"dateModified\":\"2025-06-03T11:31:27+00:00\",\"description\":\"Conoce a nuestro equipo de fisioterapeutas en Granada. Profesionales con formaci\u00f3n continua y experiencia cl\u00ednica comprometidos con tu salud.\",\"breadcrumb\":{\"@id\":\"https:\/\/tufisioenclinicaconde.es\/equipo\/#breadcrumb\"},\"inLanguage\":\"en-GB\",\"potentialAction\":[{\"@type\":\"ReadAction\",\"target\":[\"https:\/\/tufisioenclinicaconde.es\/equipo\/\"]}]},{\"@type\":\"BreadcrumbList\",\"@id\":\"https:\/\/tufisioenclinicaconde.es\/equipo\/#breadcrumb\",\"itemListElement\":[{\"@type\":\"ListItem\",\"position\":1,\"name\":\"Portada\",\"item\":\"https:\/\/tufisioenclinicaconde.es\/\"},{\"@type\":\"ListItem\",\"position\":2,\"name\":\"EQUIPO\"}]},{\"@type\":\"WebSite\",\"@id\":\"https:\/\/tufisioenclinicaconde.es\/#website\",\"url\":\"https:\/\/tufisioenclinicaconde.es\/\",\"name\":\"Tu Fisio en Cl\u00ednica Conde\",\"description\":\"\",\"potentialAction\":[{\"@type\":\"SearchAction\",\"target\":{\"@type\":\"EntryPoint\",\"urlTemplate\":\"https:\/\/tufisioenclinicaconde.es\/?s={search_term_string}\"},\"query-input\":{\"@type\":\"PropertyValueSpecification\",\"valueRequired\":true,\"valueName\":\"search_term_string\"}}],\"inLanguage\":\"en-GB\"}]}<\/script>\n<!-- \/ Yoast SEO plugin. -->","yoast_head_json":{"title":"Nuestro Equipo | Fisioterapeutas en Granada \u2013 Cl\u00ednica Conde","description":"Conoce a nuestro equipo de fisioterapeutas en Granada. Profesionales con formaci\u00f3n continua y experiencia cl\u00ednica comprometidos con tu salud.","robots":{"index":"index","follow":"follow","max-snippet":"max-snippet:-1","max-image-preview":"max-image-preview:large","max-video-preview":"max-video-preview:-1"},"canonical":"https:\/\/tufisioenclinicaconde.es\/en\/equipo\/","og_locale":"en_GB","og_type":"article","og_title":"Nuestro Equipo | Fisioterapeutas en Granada \u2013 Cl\u00ednica Conde","og_description":"Conoce a nuestro equipo de fisioterapeutas en Granada. Profesionales con formaci\u00f3n continua y experiencia cl\u00ednica comprometidos con tu salud.","og_url":"https:\/\/tufisioenclinicaconde.es\/en\/equipo\/","og_site_name":"Tu Fisio en Cl\u00ednica Conde","article_modified_time":"2025-06-03T11:31:27+00:00","twitter_card":"summary_large_image","twitter_misc":{"Estimated reading time":"4 minutes"},"schema":{"@context":"https:\/\/schema.org","@graph":[{"@type":"WebPage","@id":"https:\/\/tufisioenclinicaconde.es\/equipo\/","url":"https:\/\/tufisioenclinicaconde.es\/equipo\/","name":"Nuestro Equipo | Fisioterapeutas en Granada \u2013 Cl\u00ednica Conde","isPartOf":{"@id":"https:\/\/tufisioenclinicaconde.es\/#website"},"datePublished":"2025-05-16T10:38:01+00:00","dateModified":"2025-06-03T11:31:27+00:00","description":"Conoce a nuestro equipo de fisioterapeutas en Granada. Profesionales con formaci\u00f3n continua y experiencia cl\u00ednica comprometidos con tu salud.","breadcrumb":{"@id":"https:\/\/tufisioenclinicaconde.es\/equipo\/#breadcrumb"},"inLanguage":"en-GB","potentialAction":[{"@type":"ReadAction","target":["https:\/\/tufisioenclinicaconde.es\/equipo\/"]}]},{"@type":"BreadcrumbList","@id":"https:\/\/tufisioenclinicaconde.es\/equipo\/#breadcrumb","itemListElement":[{"@type":"ListItem","position":1,"name":"Portada","item":"https:\/\/tufisioenclinicaconde.es\/"},{"@type":"ListItem","position":2,"name":"EQUIPO"}]},{"@type":"WebSite","@id":"https:\/\/tufisioenclinicaconde.es\/#website","url":"https:\/\/tufisioenclinicaconde.es\/","name":"Tu Fisio en Cl\u00ednica Conde","description":"","potentialAction":[{"@type":"SearchAction","target":{"@type":"EntryPoint","urlTemplate":"https:\/\/tufisioenclinicaconde.es\/?s={search_term_string}"},"query-input":{"@type":"PropertyValueSpecification","valueRequired":true,"valueName":"search_term_string"}}],"inLanguage":"en-GB"}]}},"_links":{"self":[{"href":"https:\/\/tufisioenclinicaconde.es\/en\/wp-json\/wp\/v2\/pages\/56","targetHints":{"allow":["GET"]}}],"collection":[{"href":"https:\/\/tufisioenclinicaconde.es\/en\/wp-json\/wp\/v2\/pages"}],"about":[{"href":"https:\/\/tufisioenclinicaconde.es\/en\/wp-json\/wp\/v2\/types\/page"}],"author":[{"embeddable":true,"href":"https:\/\/tufisioenclinicaconde.es\/en\/wp-json\/wp\/v2\/users\/1"}],"replies":[{"embeddable":true,"href":"https:\/\/tufisioenclinicaconde.es\/en\/wp-json\/wp\/v2\/comments?post=56"}],"version-history":[{"count":27,"href":"https:\/\/tufisioenclinicaconde.es\/en\/wp-json\/wp\/v2\/pages\/56\/revisions"}],"predecessor-version":[{"id":340,"href":"https:\/\/tufisioenclinicaconde.es\/en\/wp-json\/wp\/v2\/pages\/56\/revisions\/340"}],"wp:attachment":[{"href":"https:\/\/tufisioenclinicaconde.es\/en\/wp-json\/wp\/v2\/media?parent=56"}],"curies":[{"name":"wp","href":"https:\/\/api.w.org\/{rel}","templated":true}]}}